{"id":249,"date":"2024-02-23T00:38:08","date_gmt":"2024-02-22T23:38:08","guid":{"rendered":"https:\/\/prsport.pl\/?page_id=249"},"modified":"2024-02-28T11:08:10","modified_gmt":"2024-02-28T10:08:10","slug":"oferta","status":"publish","type":"page","link":"https:\/\/prsport.pl\/index.php\/oferta\/","title":{"rendered":"Oferta"},"content":{"rendered":"\t\t<div data-elementor-type=\"wp-page\" data-elementor-id=\"249\" class=\"elementor elementor-249\">\n\t\t\t\t<div class=\"elementor-element elementor-element-bd58330 e-flex e-con-boxed wpr-particle-no wpr-jarallax-no wpr-parallax-no wpr-sticky-section-no e-con e-parent\" data-id=\"bd58330\" data-element_type=\"container\" data-e-type=\"container\" data-settings=\"{&quot;background_background&quot;:&quot;classic&quot;,&quot;shape_divider_bottom&quot;:&quot;opacity-tilt&quot;}\">\n\t\t\t\t\t<div class=\"e-con-inner\">\n\t\t\t\t<div class=\"elementor-shape elementor-shape-bottom\" aria-hidden=\"true\" data-negative=\"false\">\n\t\t\t<svg xmlns=\"http:\/\/www.w3.org\/2000\/svg\" viewBox=\"0 0 2600 131.1\" preserveAspectRatio=\"none\">\n\t<path class=\"elementor-shape-fill\" d=\"M0 0L2600 0 2600 69.1 0 0z\"\/>\n\t<path class=\"elementor-shape-fill\" style=\"opacity:0.5\" d=\"M0 0L2600 0 2600 69.1 0 69.1z\"\/>\n\t<path class=\"elementor-shape-fill\" style=\"opacity:0.25\" d=\"M2600 0L0 0 0 130.1 2600 69.1z\"\/>\n<\/svg>\t\t<\/div>\n\t\t\t\t<div class=\"elementor-element elementor-element-ee0ad5e elementor-invisible elementor-widget elementor-widget-heading\" data-id=\"ee0ad5e\" data-element_type=\"widget\" data-e-type=\"widget\" data-settings=\"{&quot;_animation&quot;:&quot;fadeInDown&quot;}\" data-widget_type=\"heading.default\">\n\t\t\t\t<div class=\"elementor-widget-container\">\n\t\t\t\t\t<h2 class=\"elementor-heading-title elementor-size-default\">OFERTA<\/h2>\t\t\t\t<\/div>\n\t\t\t\t<\/div>\n\t\t\t\t\t<\/div>\n\t\t\t\t<\/div>\n\t\t<div class=\"elementor-element elementor-element-7be4317 e-flex e-con-boxed wpr-particle-no wpr-jarallax-no wpr-parallax-no wpr-sticky-section-no e-con e-parent\" data-id=\"7be4317\" data-element_type=\"container\" data-e-type=\"container\">\n\t\t\t\t\t<div class=\"e-con-inner\">\n\t\t\t\t<div class=\"elementor-element elementor-element-d3d21ee elementor-invisible elementor-widget elementor-widget-text-editor\" data-id=\"d3d21ee\" data-element_type=\"widget\" data-e-type=\"widget\" data-settings=\"{&quot;_animation&quot;:&quot;slideInDown&quot;}\" data-widget_type=\"text-editor.default\">\n\t\t\t\t<div class=\"elementor-widget-container\">\n\t\t\t\t\t\t\t\t\t<p>NASZA OFERTA<\/p>\t\t\t\t\t\t\t\t<\/div>\n\t\t\t\t<\/div>\n\t\t\t\t\t<\/div>\n\t\t\t\t<\/div>\n\t\t<div class=\"elementor-element elementor-element-99d64e9 e-flex e-con-boxed wpr-particle-no wpr-jarallax-no wpr-parallax-no wpr-sticky-section-no e-con e-parent\" data-id=\"99d64e9\" data-element_type=\"container\" data-e-type=\"container\">\n\t\t\t\t\t<div class=\"e-con-inner\">\n\t\t<div class=\"elementor-element elementor-element-30a02bb e-con-full e-flex wpr-particle-no wpr-jarallax-no wpr-parallax-no wpr-sticky-section-no e-con e-child\" data-id=\"30a02bb\" data-element_type=\"container\" data-e-type=\"container\">\n\t\t\t\t<div class=\"elementor-element elementor-element-7c33485 elementor-widget elementor-widget-image\" data-id=\"7c33485\" data-element_type=\"widget\" data-e-type=\"widget\" data-widget_type=\"image.default\">\n\t\t\t\t<div class=\"elementor-widget-container\">\n\t\t\t\t\t\t\t\t\t\t\t\t\t\t\t<img decoding=\"async\" src=\"https:\/\/prsport.pl\/wp-content\/uploads\/elementor\/thumbs\/robotyka-foto-do-opisu-zajec-1-e1708643815397-qk7f3ncx41befmu3z3uao7uoybtua61a0t6earu8wq.png\" title=\"robotyka foto do opisu zaj\u0119\u0107 (1)\" alt=\"robotyka foto do opisu zaj\u0119\u0107 (1)\" loading=\"lazy\" \/>\t\t\t\t\t\t\t\t\t\t\t\t\t\t\t<\/div>\n\t\t\t\t<\/div>\n\t\t\t\t<\/div>\n\t\t<div class=\"elementor-element elementor-element-a08b7aa e-con-full e-flex wpr-particle-no wpr-jarallax-no wpr-parallax-no wpr-sticky-section-no e-con e-child\" data-id=\"a08b7aa\" data-element_type=\"container\" data-e-type=\"container\" data-settings=\"{&quot;background_background&quot;:&quot;classic&quot;}\">\n\t\t\t\t<div class=\"elementor-element elementor-element-10dfceb elementor-invisible elementor-widget elementor-widget-heading\" data-id=\"10dfceb\" data-element_type=\"widget\" data-e-type=\"widget\" data-settings=\"{&quot;_animation&quot;:&quot;fadeInDown&quot;}\" data-widget_type=\"heading.default\">\n\t\t\t\t<div class=\"elementor-widget-container\">\n\t\t\t\t\t<h2 class=\"elementor-heading-title elementor-size-default\">ZAJ\u0118CIA Z ROBOTYKI<\/h2>\t\t\t\t<\/div>\n\t\t\t\t<\/div>\n\t\t\t\t<div class=\"elementor-element elementor-element-b93e502 elementor-widget elementor-widget-text-editor\" data-id=\"b93e502\" data-element_type=\"widget\" data-e-type=\"widget\" data-widget_type=\"text-editor.default\">\n\t\t\t\t<div class=\"elementor-widget-container\">\n\t\t\t\t\t\t\t\t\t<p><strong>Nasz\u0105 ofert\u0119 warsztat\u00f3w Robotyki Lego\u00ae\ufe0f dla dzieci kierujemy do przedszkoli i innych plac\u00f3wek edukacyjnych na terenie Krakowa i okolic.<\/strong> Proponowane zaj\u0119cia stanowi\u0105 \u015bwietne urozmaicenie podstawowej oferty plac\u00f3wki. Nasze warsztaty to nie tylko miejsce, w kt\u00f3rym dzieci bawi\u0105 si\u0119 klockami &#8211; to przestrze\u0144, w kt\u00f3rej stawiamy na rozwijanie kluczowych umiej\u0119tno\u015bci spo\u0142ecznych, technicznych i poznawczych, m.in:<\/p><p>\u2022 Kreatywne my\u015blenie: Buduj\u0105c i programuj\u0105c roboty z klock\u00f3w Lego, dzieci ucz\u0105 si\u0119 kreatywnego i logicznego my\u015blenia<br \/>\u2022 Praca zespo\u0142owa: Poprzez wsp\u00f3lne tworzenie i rozwi\u0105zywanie zada\u0144, uczestnicy ucz\u0105 si\u0119 wsp\u00f3\u0142pracy, komunikacji i negocjacji.<br \/>\u2022 Podstawy programowania: Nauka programowania pozwala dzieciom zrozumie\u0107, w jaki spos\u00f3b mog\u0105 komunikowa\u0107 si\u0119 z komputerami w praktyce.<\/p><p>Na ka\u017cdych zaj\u0119ciach dzieci dostaj\u0105 zadanie wykonania modelu robota, do zbudowania kt\u00f3rego wykorzystuj\u0105 wcze\u015bniej przygotowane instrukcje. Nast\u0119pnie za pomoc\u0105 tableta, ucz\u0105 si\u0119 zaprogramowa\u0107 robota tak by wykonywa\u0142 okre\u015blone zadania. Zaj\u0119cia tworz\u0105 jeden wsp\u00f3lny program, za ka\u017cdym razem powtarzamy najwa\u017cniejsze elementy i opracowujemy kolejne zadania korzystaj\u0105c ze zdobytej wcze\u015bniej wiedzy.<\/p><p>Zaj\u0119cia prowadzimy w przyst\u0119pny spos\u00f3b, tak aby dla dzieci by\u0142a to jednocze\u015bnie \u015bwietna zabawa<\/p>\t\t\t\t\t\t\t\t<\/div>\n\t\t\t\t<\/div>\n\t\t\t\t<\/div>\n\t\t\t\t\t<\/div>\n\t\t\t\t<\/div>\n\t\t<div class=\"elementor-element elementor-element-a87e7f2 e-flex e-con-boxed wpr-particle-no wpr-jarallax-no wpr-parallax-no wpr-sticky-section-no e-con e-parent\" data-id=\"a87e7f2\" data-element_type=\"container\" data-e-type=\"container\">\n\t\t\t\t\t<div class=\"e-con-inner\">\n\t\t<div class=\"elementor-element elementor-element-c24302b e-con-full e-flex wpr-particle-no wpr-jarallax-no wpr-parallax-no wpr-sticky-section-no e-con e-child\" data-id=\"c24302b\" data-element_type=\"container\" data-e-type=\"container\" data-settings=\"{&quot;background_background&quot;:&quot;classic&quot;}\">\n\t\t\t\t<div class=\"elementor-element elementor-element-4b2e7fa elementor-invisible elementor-widget elementor-widget-heading\" data-id=\"4b2e7fa\" data-element_type=\"widget\" data-e-type=\"widget\" data-settings=\"{&quot;_animation&quot;:&quot;fadeInDown&quot;}\" data-widget_type=\"heading.default\">\n\t\t\t\t<div class=\"elementor-widget-container\">\n\t\t\t\t\t<h2 class=\"elementor-heading-title elementor-size-default\">OBOZY I P\u00d3\u0141KOLONIE<\/h2>\t\t\t\t<\/div>\n\t\t\t\t<\/div>\n\t\t\t\t<div class=\"elementor-element elementor-element-d16f0eb elementor-widget elementor-widget-text-editor\" data-id=\"d16f0eb\" data-element_type=\"widget\" data-e-type=\"widget\" data-widget_type=\"text-editor.default\">\n\t\t\t\t<div class=\"elementor-widget-container\">\n\t\t\t\t\t\t\t\t\t<p><strong>Zorganizuj aktywny czas dla Twojego dziecka! Wypoczynek z PR Sport to propozycja sp\u0119dzenia ferii zimowych oraz wakacji w towarzystwie r\u00f3wie\u015bnik\u00f3w i wyedukowanych trener\u00f3w.<\/strong> Gwarancj\u0105 spotka\u0144 s\u0105 oczywi\u015bcie wyj\u0105tkowe zaj\u0119cia sportowe, robotyki oraz masa innych atrakcji. Wszystko to wp\u0142ynie na niezapomniane prze\u017cycia Twojego dziecka. Nasze p\u00f3\u0142kolonie skierowane s\u0105 do wszystkich dziewczynek i ch\u0142opc\u00f3w w wieku 6 &#8211; 14 lat.<br \/><br \/>Je\u015bli chcesz aby w Twojej plac\u00f3wce odby\u0142y si\u0119 ciekawe tematyczne p\u00f3\u0142kolonie skontaktuj si\u0119 z nami!<\/p><p><strong>Wi\u0119cej informacji na naszych mediach spo\u0142eczno\u015bciowych<\/strong><\/p>\t\t\t\t\t\t\t\t<\/div>\n\t\t\t\t<\/div>\n\t\t\t\t<\/div>\n\t\t<div class=\"elementor-element elementor-element-c447aad e-con-full e-flex wpr-particle-no wpr-jarallax-no wpr-parallax-no wpr-sticky-section-no e-con e-child\" data-id=\"c447aad\" data-element_type=\"container\" data-e-type=\"container\">\n\t\t\t\t<div class=\"elementor-element elementor-element-5a17266 elementor-hidden-tablet elementor-hidden-mobile elementor-widget elementor-widget-image\" data-id=\"5a17266\" data-element_type=\"widget\" data-e-type=\"widget\" data-widget_type=\"image.default\">\n\t\t\t\t<div class=\"elementor-widget-container\">\n\t\t\t\t\t\t\t\t\t\t\t\t\t\t\t<img decoding=\"async\" src=\"https:\/\/prsport.pl\/wp-content\/uploads\/elementor\/thumbs\/foto-do-opisu-zajec-obozy-i-polkolonie-e1708638662339-qk7bd3qkur2h9eygn7v7amwaoguia3r7ffrkohihqo.png\" title=\"foto do opisu zaj\u0119\u0107 obozy i polkolonie\" alt=\"foto do opisu zaj\u0119\u0107 obozy i polkolonie\" loading=\"lazy\" \/>\t\t\t\t\t\t\t\t\t\t\t\t\t\t\t<\/div>\n\t\t\t\t<\/div>\n\t\t\t\t<\/div>\n\t\t\t\t\t<\/div>\n\t\t\t\t<\/div>\n\t\t<div class=\"elementor-element elementor-element-359d8a9 e-flex e-con-boxed wpr-particle-no wpr-jarallax-no wpr-parallax-no wpr-sticky-section-no e-con e-parent\" data-id=\"359d8a9\" data-element_type=\"container\" data-e-type=\"container\">\n\t\t\t\t\t<div class=\"e-con-inner\">\n\t\t<div class=\"elementor-element elementor-element-be7d6c0 e-con-full e-flex wpr-particle-no wpr-jarallax-no wpr-parallax-no wpr-sticky-section-no e-con e-child\" data-id=\"be7d6c0\" data-element_type=\"container\" data-e-type=\"container\">\n\t\t\t\t<div class=\"elementor-element elementor-element-0646031 elementor-hidden-tablet elementor-hidden-mobile elementor-widget elementor-widget-image\" data-id=\"0646031\" data-element_type=\"widget\" data-e-type=\"widget\" data-widget_type=\"image.default\">\n\t\t\t\t<div class=\"elementor-widget-container\">\n\t\t\t\t\t\t\t\t\t\t\t\t\t\t\t<img fetchpriority=\"high\" decoding=\"async\" width=\"429\" height=\"400\" src=\"https:\/\/prsport.pl\/wp-content\/uploads\/2024\/02\/URODZINY-FOTO-DO-OPISU-ZAJECa.jpg\" class=\"attachment-large size-large wp-image-48\" alt=\"\" srcset=\"https:\/\/prsport.pl\/wp-content\/uploads\/2024\/02\/URODZINY-FOTO-DO-OPISU-ZAJECa.jpg 429w, https:\/\/prsport.pl\/wp-content\/uploads\/2024\/02\/URODZINY-FOTO-DO-OPISU-ZAJECa-300x280.jpg 300w\" sizes=\"(max-width: 429px) 100vw, 429px\" \/>\t\t\t\t\t\t\t\t\t\t\t\t\t\t\t<\/div>\n\t\t\t\t<\/div>\n\t\t\t\t<\/div>\n\t\t<div class=\"elementor-element elementor-element-f322867 e-con-full e-flex wpr-particle-no wpr-jarallax-no wpr-parallax-no wpr-sticky-section-no e-con e-child\" data-id=\"f322867\" data-element_type=\"container\" data-e-type=\"container\" data-settings=\"{&quot;background_background&quot;:&quot;classic&quot;}\">\n\t\t\t\t<div class=\"elementor-element elementor-element-38405ec elementor-invisible elementor-widget elementor-widget-heading\" data-id=\"38405ec\" data-element_type=\"widget\" data-e-type=\"widget\" data-settings=\"{&quot;_animation&quot;:&quot;fadeInDown&quot;}\" data-widget_type=\"heading.default\">\n\t\t\t\t<div class=\"elementor-widget-container\">\n\t\t\t\t\t<h2 class=\"elementor-heading-title elementor-size-default\">URODZINY I IMPREZY OKOLICZNO\u015aCIOWE<\/h2>\t\t\t\t<\/div>\n\t\t\t\t<\/div>\n\t\t\t\t<div class=\"elementor-element elementor-element-b174b2f elementor-widget elementor-widget-text-editor\" data-id=\"b174b2f\" data-element_type=\"widget\" data-e-type=\"widget\" data-widget_type=\"text-editor.default\">\n\t\t\t\t<div class=\"elementor-widget-container\">\n\t\t\t\t\t\t\t\t\t<p><strong>Zaj\u0119cia opieraj\u0105 si\u0119 na zestawach LEGO WeDo<\/strong> Tematyka budowanych konstrukcji jest dobierana do upodoba\u0144 solenizanta. Mo\u017ce to by\u0107 np. pi\u0142ka no\u017cna. Zamie\u0144my sal\u0119 zaj\u0119ciow\u0105 w pi\u0142karski stadion! Uczestnicy zabawy buduj\u0105 bramkarza, pi\u0142karza, kibic\u00f3w. B\u0119d\u0105 mieli okazj\u0119 zobaczy\u0107, jak dzia\u0142aj\u0105 r\u00f3\u017cne roboty stworzone przez uczestnik\u00f3w, a tak\u017ce zagraj\u0105 mecz pi\u0142ki no\u017cnej. Kto strzeli wi\u0119cej goli, a kto oka\u017ce si\u0119 najzagorzalszym kibicem? Na pocz\u0105tku uczestnicy zabawy otrzymuj\u0105 zestawy edukacyjne do robotyki z kt\u00f3rych buduj\u0105 na podstawie instrukcji kreatywne roboty, programuj\u0105 je, a nast\u0119pnie bior\u0105 udzia\u0142 w integracyjnych zabawach integracyjnych. <strong>Gwarantujemy \u017ce wszyscy uczestnicy poczuj\u0105 si\u0119 jak prawdziwi konstruktorzy \u2013 projektanci!<\/strong><\/p>\t\t\t\t\t\t\t\t<\/div>\n\t\t\t\t<\/div>\n\t\t\t\t<\/div>\n\t\t\t\t\t<\/div>\n\t\t\t\t<\/div>\n\t\t<div class=\"elementor-element elementor-element-64e9d09 e-flex e-con-boxed wpr-particle-no wpr-jarallax-no wpr-parallax-no wpr-sticky-section-no e-con e-parent\" data-id=\"64e9d09\" data-element_type=\"container\" data-e-type=\"container\">\n\t\t\t\t\t<div class=\"e-con-inner\">\n\t\t<div class=\"elementor-element elementor-element-a975d4c e-con-full e-flex wpr-particle-no wpr-jarallax-no wpr-parallax-no wpr-sticky-section-no e-con e-child\" data-id=\"a975d4c\" data-element_type=\"container\" data-e-type=\"container\" data-settings=\"{&quot;background_background&quot;:&quot;classic&quot;}\">\n\t\t\t\t<div class=\"elementor-element elementor-element-204c08f elementor-invisible elementor-widget elementor-widget-heading\" data-id=\"204c08f\" data-element_type=\"widget\" data-e-type=\"widget\" data-settings=\"{&quot;_animation&quot;:&quot;fadeInDown&quot;}\" data-widget_type=\"heading.default\">\n\t\t\t\t<div class=\"elementor-widget-container\">\n\t\t\t\t\t<h2 class=\"elementor-heading-title elementor-size-default\">GIMNASTYKA KOREKCYJNA<\/h2>\t\t\t\t<\/div>\n\t\t\t\t<\/div>\n\t\t\t\t<div class=\"elementor-element elementor-element-a65eaa8 elementor-widget elementor-widget-text-editor\" data-id=\"a65eaa8\" data-element_type=\"widget\" data-e-type=\"widget\" data-widget_type=\"text-editor.default\">\n\t\t\t\t<div class=\"elementor-widget-container\">\n\t\t\t\t\t\t\t\t\t<p><strong>Ruch jest nieod\u0142\u0105cznym elementem utrzymania zdrowia<\/strong>, rozwijania sprawno\u015bci oraz nabywania dobrych nawyk\u00f3w, wi\u0119c zaj\u0119cia gimnastyczne b\u0119d\u0105 idealnym uzupe\u0142nieniem dnia codziennego Twojego dziecka.<br \/><br \/><strong>Nasz program obejmuje:<\/strong><br \/><br \/>\u2022 profilaktyk\u0119 i korekt\u0119 wad postawy,<br \/>\u2022 stymulowanie wszechstronnego rozwoju fizycznego dziecka, kszta\u0142towanie wszystkich cech motorycznych \u2013 kontrol\u0119 w\u0142asnego cia\u0142a, wyrabianie nawyku prawid\u0142owej postawy i koordynacj\u0119<br \/>\u2022 rozwijanie postaw prosomatycznych poprzez nauk\u0119 dba\u0142o\u015bci o w\u0142asne cia\u0142o<br \/>\u2022 kszta\u0142towanie sprawno\u015bci ruchowej, koordynacji, wytrzyma\u0142o\u015bci i gibko\u015bci<\/p>\t\t\t\t\t\t\t\t<\/div>\n\t\t\t\t<\/div>\n\t\t\t\t<\/div>\n\t\t<div class=\"elementor-element elementor-element-2aa28b5 e-con-full e-flex wpr-particle-no wpr-jarallax-no wpr-parallax-no wpr-sticky-section-no e-con e-child\" data-id=\"2aa28b5\" data-element_type=\"container\" data-e-type=\"container\">\n\t\t\t\t<div class=\"elementor-element elementor-element-e114dad elementor-hidden-tablet elementor-hidden-mobile elementor-widget elementor-widget-image\" data-id=\"e114dad\" data-element_type=\"widget\" data-e-type=\"widget\" data-widget_type=\"image.default\">\n\t\t\t\t<div class=\"elementor-widget-container\">\n\t\t\t\t\t\t\t\t\t\t\t\t\t\t\t<img decoding=\"async\" src=\"https:\/\/prsport.pl\/wp-content\/uploads\/elementor\/thumbs\/gimnasytyka-foto-STRONA-GLOWNA-e1708638725621-qk7beqyfauuklbpd9ur4tu5otr6n8g5j333hzuhk3k.png\" title=\"gimnasytyka foto STRONA G\u0141\u00d3WNA\" alt=\"gimnasytyka foto STRONA G\u0141\u00d3WNA\" loading=\"lazy\" \/>\t\t\t\t\t\t\t\t\t\t\t\t\t\t\t<\/div>\n\t\t\t\t<\/div>\n\t\t\t\t<\/div>\n\t\t\t\t\t<\/div>\n\t\t\t\t<\/div>\n\t\t\t\t<\/div>\n\t\t","protected":false},"excerpt":{"rendered":"<p>OFERTA NASZA OFERTA ZAJ\u0118CIA Z ROBOTYKI Nasz\u0105 ofert\u0119 warsztat\u00f3w Robotyki Lego\u00ae\ufe0f dla dzieci kierujemy do przedszkoli i innych plac\u00f3wek edukacyjnych na terenie Krakowa i okolic. Proponowane zaj\u0119cia stanowi\u0105 \u015bwietne urozmaicenie podstawowej oferty plac\u00f3wki. Nasze warsztaty to nie tylko miejsce, w kt\u00f3rym dzieci bawi\u0105 si\u0119 klockami &#8211; to przestrze\u0144, w kt\u00f3rej stawiamy na rozwijanie kluczowych umiej\u0119tno\u015bci spo\u0142ecznych, technicznych i poznawczych, m.in: \u2022 Kreatywne my\u015blenie: Buduj\u0105c i programuj\u0105c roboty z klock\u00f3w Lego, dzieci ucz\u0105 si\u0119 kreatywnego i logicznego my\u015blenia\u2022 Praca zespo\u0142owa: Poprzez wsp\u00f3lne tworzenie i rozwi\u0105zywanie zada\u0144, uczestnicy ucz\u0105 si\u0119 wsp\u00f3\u0142pracy, komunikacji i negocjacji.\u2022 Podstawy programowania: Nauka programowania pozwala dzieciom zrozumie\u0107, w jaki spos\u00f3b mog\u0105 komunikowa\u0107 si\u0119 z komputerami w praktyce. Na ka\u017cdych zaj\u0119ciach dzieci dostaj\u0105 zadanie wykonania modelu robota, do zbudowania kt\u00f3rego wykorzystuj\u0105 wcze\u015bniej przygotowane instrukcje. Nast\u0119pnie za pomoc\u0105 tableta, ucz\u0105 si\u0119 zaprogramowa\u0107 robota tak by wykonywa\u0142 okre\u015blone zadania. Zaj\u0119cia tworz\u0105 jeden wsp\u00f3lny program, za ka\u017cdym razem powtarzamy najwa\u017cniejsze elementy i opracowujemy kolejne zadania korzystaj\u0105c ze zdobytej wcze\u015bniej wiedzy. Zaj\u0119cia prowadzimy w przyst\u0119pny spos\u00f3b, tak aby dla dzieci by\u0142a to jednocze\u015bnie \u015bwietna zabawa OBOZY I P\u00d3\u0141KOLONIE Zorganizuj aktywny czas dla Twojego dziecka! Wypoczynek z PR Sport to propozycja sp\u0119dzenia ferii zimowych oraz wakacji w towarzystwie r\u00f3wie\u015bnik\u00f3w i wyedukowanych trener\u00f3w. Gwarancj\u0105 spotka\u0144 s\u0105 oczywi\u015bcie wyj\u0105tkowe zaj\u0119cia sportowe, robotyki oraz masa innych atrakcji. Wszystko to wp\u0142ynie na niezapomniane prze\u017cycia Twojego dziecka. Nasze p\u00f3\u0142kolonie skierowane s\u0105 do wszystkich dziewczynek i ch\u0142opc\u00f3w w wieku 6 &#8211; 14 lat. Je\u015bli chcesz aby w Twojej plac\u00f3wce odby\u0142y si\u0119 ciekawe tematyczne p\u00f3\u0142kolonie skontaktuj si\u0119 z nami! Wi\u0119cej informacji na naszych mediach spo\u0142eczno\u015bciowych URODZINY I IMPREZY OKOLICZNO\u015aCIOWE Zaj\u0119cia opieraj\u0105 si\u0119 na zestawach LEGO WeDo Tematyka budowanych konstrukcji jest dobierana do upodoba\u0144 solenizanta. Mo\u017ce to by\u0107 np. pi\u0142ka no\u017cna. Zamie\u0144my sal\u0119 zaj\u0119ciow\u0105 w pi\u0142karski stadion! Uczestnicy zabawy buduj\u0105 bramkarza, pi\u0142karza, kibic\u00f3w. B\u0119d\u0105 mieli okazj\u0119 zobaczy\u0107, jak dzia\u0142aj\u0105 r\u00f3\u017cne roboty stworzone przez uczestnik\u00f3w, a tak\u017ce zagraj\u0105 mecz pi\u0142ki no\u017cnej. Kto strzeli wi\u0119cej goli, a kto oka\u017ce si\u0119 najzagorzalszym kibicem? Na pocz\u0105tku uczestnicy zabawy otrzymuj\u0105 zestawy edukacyjne do robotyki z kt\u00f3rych buduj\u0105 na podstawie instrukcji kreatywne roboty, programuj\u0105 je, a nast\u0119pnie bior\u0105 udzia\u0142 w integracyjnych zabawach integracyjnych. Gwarantujemy \u017ce wszyscy uczestnicy poczuj\u0105 si\u0119 jak prawdziwi konstruktorzy \u2013 projektanci! GIMNASTYKA KOREKCYJNA Ruch jest nieod\u0142\u0105cznym elementem utrzymania zdrowia, rozwijania sprawno\u015bci oraz nabywania dobrych nawyk\u00f3w, wi\u0119c zaj\u0119cia gimnastyczne b\u0119d\u0105 idealnym uzupe\u0142nieniem dnia codziennego Twojego dziecka. Nasz program obejmuje: \u2022 profilaktyk\u0119 i korekt\u0119 wad postawy,\u2022 stymulowanie wszechstronnego rozwoju fizycznego dziecka, kszta\u0142towanie wszystkich cech motorycznych \u2013 kontrol\u0119 w\u0142asnego cia\u0142a, wyrabianie nawyku prawid\u0142owej postawy i koordynacj\u0119\u2022 rozwijanie postaw prosomatycznych poprzez nauk\u0119 dba\u0142o\u015bci o w\u0142asne cia\u0142o\u2022 kszta\u0142towanie sprawno\u015bci ruchowej, koordynacji, wytrzyma\u0142o\u015bci i gibko\u015bci<\/p>\n","protected":false},"author":1,"featured_media":0,"parent":0,"menu_order":0,"comment_status":"closed","ping_status":"closed","template":"page-templates\/template-pagebuilder-full-width.php","meta":{"neve_meta_sidebar":"","neve_meta_container":"","neve_meta_enable_content_width":"","neve_meta_content_width":0,"neve_meta_title_alignment":"","neve_meta_author_avatar":"","neve_post_elements_order":"","neve_meta_disable_header":"","neve_meta_disable_footer":"","neve_meta_disable_title":"","footnotes":""},"class_list":["post-249","page","type-page","status-publish","hentry"],"_links":{"self":[{"href":"https:\/\/prsport.pl\/index.php\/wp-json\/wp\/v2\/pages\/249","targetHints":{"allow":["GET"]}}],"collection":[{"href":"https:\/\/prsport.pl\/index.php\/wp-json\/wp\/v2\/pages"}],"about":[{"href":"https:\/\/prsport.pl\/index.php\/wp-json\/wp\/v2\/types\/page"}],"author":[{"embeddable":true,"href":"https:\/\/prsport.pl\/index.php\/wp-json\/wp\/v2\/users\/1"}],"replies":[{"embeddable":true,"href":"https:\/\/prsport.pl\/index.php\/wp-json\/wp\/v2\/comments?post=249"}],"version-history":[{"count":133,"href":"https:\/\/prsport.pl\/index.php\/wp-json\/wp\/v2\/pages\/249\/revisions"}],"predecessor-version":[{"id":533,"href":"https:\/\/prsport.pl\/index.php\/wp-json\/wp\/v2\/pages\/249\/revisions\/533"}],"wp:attachment":[{"href":"https:\/\/prsport.pl\/index.php\/wp-json\/wp\/v2\/media?parent=249"}],"curies":[{"name":"wp","href":"https:\/\/api.w.org\/{rel}","templated":true}]}}